{"id":724,"date":"2017-02-13T20:36:45","date_gmt":"2017-02-13T20:36:45","guid":{"rendered":"https:\/\/www.dvs2205.com\/de\/?page_id=724"},"modified":"2017-10-02T13:10:36","modified_gmt":"2017-10-02T13:10:36","slug":"kade-za-galvanizaciju","status":"publish","type":"page","link":"https:\/\/www.dvs2205.com\/de\/kade-za-galvanizaciju\/","title":{"rendered":"Galvanikwannen"},"content":{"rendered":"<p>[vc_row css=&#8220;.vc_custom_1450524564093{padding-top: 50px !important;padding-right: 30px !important;padding-bottom: 20px !important;padding-left: 30px !important;}&#8220;][vc_column width=&#8220;2\/3&#8243;]<div class=\"vc_titles title_align_left\"><h1>Galvanikwannen<\/h1><div class=\"title-stripes-left\"><\/div><\/div>[vc_column_text]Wir sind Hersteller von Galvanikwannen aus Thermoplastischen Materialien nach Kundenwunsch. Je nach der Art des chemischen Verbindung die in Galvanikwannen gelagert werden sollen, werden die aus Polypropylen, Polyethylen oder PVC hergestellt.<\/p>\n<p>Dimensionen, Ausf\u00fchrung werden mit Kunden besprochen und bei Ausf\u00fchrung ber\u00fccksichtigt das sie im Einklang mit der M\u00f6glichkeiten des Herstellungsmaterials und Herstellungsmethoden sind.<br \/>\nUnsere Mitarbeiter werden kontinuierlich nach DVS Normen (Deutsche Verband f\u00fcr Schwei\u00dfen und verwandte Verfahren e.V.) gepr\u00fcft. Und unsere Maschinenpark bzw. CNC Maschinen sind nach den gleichen Normen programmiert.<br \/>\nAls Endergebnis steht ein hochwertiges Produkt der eine langj\u00e4hrige Haltbarkeit bietet in \u00dcbereinstimmung mit dem Kundenwunsch.[\/vc_column_text][vc_images_carousel images=&#8220;721,733,734,735,871&#8243; img_size=&#8220;750&#215;353&#8243; speed=&#8220;3000&#8243; autoplay=&#8220;yes&#8220; wrap=&#8220;yes&#8220;][\/vc_column][vc_column width=&#8220;1\/3&#8243;][vc_widget_sidebar sidebar_id=&#8220;blog-sidebar&#8220;][vc_column_text]<\/p>\n<h1 style=\"text-align: center;\">ZERTIFIKATE<\/h1>\n<p>[\/vc_column_text][vc_single_image image=&#8220;942&#8243; img_size=&#8220;380&#215;570&#8243;][vc_column_text]<\/p>\n<h1 style=\"text-align: center;\">KONTAKT<\/h1>\n<p>[\/vc_column_text]<div role=\"form\" class=\"wpcf7\" id=\"wpcf7-f806-o1\" lang=\"hr\" dir=\"ltr\">\n<div class=\"screen-reader-response\"><p role=\"status\" aria-live=\"polite\" aria-atomic=\"true\"><\/p> <ul><\/ul><\/div>\n<form action=\"\/de\/wp-json\/wp\/v2\/pages\/724#wpcf7-f806-o1\" method=\"post\" class=\"wpcf7-form init\" novalidate=\"novalidate\" data-status=\"init\">\n<div style=\"display: none;\">\n<input type=\"hidden\" name=\"_wpcf7\" value=\"806\" \/>\n<input type=\"hidden\" name=\"_wpcf7_version\" value=\"5.5.2\" \/>\n<input type=\"hidden\" name=\"_wpcf7_locale\" value=\"hr\" \/>\n<input type=\"hidden\" name=\"_wpcf7_unit_tag\" value=\"wpcf7-f806-o1\" \/>\n<input type=\"hidden\" name=\"_wpcf7_container_post\" value=\"0\" \/>\n<input type=\"hidden\" name=\"_wpcf7_posted_data_hash\" value=\"\" \/>\n<input type=\"hidden\" name=\"_wpcf7_recaptcha_response\" value=\"\" \/>\n<\/div>\n<p>Ihr Name <br \/>\n    <div class=\"form-group your-name\"><input class=\"wpcf7-form-control wpcf7-text wpcf7-validates-as-required form-control\" name=\"your-name\" type=\"text\" value=\"\" aria-invalid=\"false\" aria-required=\"true\" required><\/div>\n\n<p>Ihre Email Adresse <br \/>\n    <div class=\"form-group your-email\"><input class=\"wpcf7-form-control wpcf7-text wpcf7-email wpcf7-validates-as-required wpcf7-validates-as-email form-control\" name=\"your-email\" type=\"email\" value=\"\" aria-invalid=\"false\" aria-required=\"true\" required><\/div>\n\n<p>Betrifft<br \/>\n    <div class=\"form-group your-subject\"><input class=\"wpcf7-form-control wpcf7-text wpcf7-validates-as-required form-control\" name=\"your-subject\" type=\"text\" value=\"\" aria-invalid=\"false\" aria-required=\"true\" required><\/div>\n\n<p>Ihre Nachricht<br \/>\n    <div class=\"form-group your-message\"><textarea class=\"wpcf7-form-control wpcf7-textarea wpcf7-validates-as-required form-control\" name=\"your-message\" rows=\"4\" aria-invalid=\"false\" aria-required=\"true\" required><\/textarea><\/div>\n\n<div class=\"form-group\"><div><input class=\"wpcf7-form-control wpcf7-submit btn btn-primary\" type=\"submit\" value=\"Senden\"><\/div><\/div><div class=\"wpcf7-response-output alert alert-warning\"><\/div><\/form><\/div>[\/vc_column][\/vc_row]<\/p>\n","protected":false},"excerpt":{"rendered":"<p>[vc_row css=&#8220;.vc_custom_1450524564093{padding-top: 50px !important;padding-right: 30px !important;padding-bottom: 20px !important;padding-left: 30px !important;}&#8220;][vc_column width=&#8220;2\/3&#8243;][vc_column_text]Wir sind Hersteller von Galvanikwannen aus Thermoplastischen Materialien nach Kundenwunsch. Je nach der Art des chemischen Verbindung die in Galvanikwannen gelagert werden sollen, werden die aus Polypropylen, Polyethylen oder PVC hergestellt. Dimensionen, Ausf\u00fchrung werden mit Kunden besprochen und bei Ausf\u00fchrung ber\u00fccksichtigt das sie im Einklang [&hellip;]<\/p>\n","protected":false},"author":1,"featured_media":0,"parent":0,"menu_order":0,"comment_status":"closed","ping_status":"closed","template":"","meta":{"footnotes":""},"class_list":["post-724","page","type-page","status-publish","hentry"],"yoast_head":"<!-- This site is optimized with the Yoast SEO plugin v17.6 - https:\/\/yoast.com\/wordpress\/plugins\/seo\/ -->\n<meta name=\"description\" content=\"Wir sind Hersteller von Galvanikwannen aus Thermoplastischen Materialien nach Kundenwunsch\" \/>\n<meta name=\"robots\" content=\"index, follow, max-snippet:-1, max-image-preview:large, max-video-preview:-1\" \/>\n<link rel=\"canonical\" href=\"https:\/\/www.dvs2205.com\/de\/kade-za-galvanizaciju\/\" \/>\n<meta property=\"og:locale\" content=\"de_DE\" \/>\n<meta property=\"og:type\" content=\"article\" \/>\n<meta property=\"og:title\" content=\"Galvanikwannen - DVS 2205\" \/>\n<meta property=\"og:description\" content=\"Wir sind Hersteller von Galvanikwannen aus Thermoplastischen Materialien nach Kundenwunsch\" \/>\n<meta property=\"og:url\" content=\"https:\/\/www.dvs2205.com\/de\/kade-za-galvanizaciju\/\" \/>\n<meta property=\"og:site_name\" content=\"DVS 2205\" \/>\n<meta property=\"article:modified_time\" content=\"2017-10-02T13:10:36+00:00\" \/>\n<meta name=\"twitter:card\" content=\"summary\" \/>\n<meta name=\"twitter:label1\" content=\"Gesch\u00e4tzte Lesezeit\" \/>\n\t<meta name=\"twitter:data1\" content=\"1\u00a0Minute\" \/>\n<script type=\"application\/ld+json\" class=\"yoast-schema-graph\">{\"@context\":\"https:\/\/schema.org\",\"@graph\":[{\"@type\":\"WebSite\",\"@id\":\"https:\/\/www.dvs2205.com\/#website\",\"url\":\"https:\/\/www.dvs2205.com\/\",\"name\":\"DVS 2205\",\"description\":\"Izrada spremnika i ure\\u0111aja od termoplasti\\u010dnih masa\",\"potentialAction\":[{\"@type\":\"SearchAction\",\"target\":{\"@type\":\"EntryPoint\",\"urlTemplate\":\"https:\/\/www.dvs2205.com\/?s={search_term_string}\"},\"query-input\":\"required name=search_term_string\"}],\"inLanguage\":\"de\"},{\"@type\":\"WebPage\",\"@id\":\"https:\/\/www.dvs2205.com\/de\/kade-za-galvanizaciju\/#webpage\",\"url\":\"https:\/\/www.dvs2205.com\/de\/kade-za-galvanizaciju\/\",\"name\":\"Galvanikwannen - DVS 2205\",\"isPartOf\":{\"@id\":\"https:\/\/www.dvs2205.com\/#website\"},\"datePublished\":\"2017-02-13T20:36:45+00:00\",\"dateModified\":\"2017-10-02T13:10:36+00:00\",\"description\":\"Wir sind Hersteller von Galvanikwannen aus Thermoplastischen Materialien nach Kundenwunsch\",\"breadcrumb\":{\"@id\":\"https:\/\/www.dvs2205.com\/de\/kade-za-galvanizaciju\/#breadcrumb\"},\"inLanguage\":\"de\",\"potentialAction\":[{\"@type\":\"ReadAction\",\"target\":[\"https:\/\/www.dvs2205.com\/de\/kade-za-galvanizaciju\/\"]}]},{\"@type\":\"BreadcrumbList\",\"@id\":\"https:\/\/www.dvs2205.com\/de\/kade-za-galvanizaciju\/#breadcrumb\",\"itemListElement\":[{\"@type\":\"ListItem\",\"position\":1,\"name\":\"Home\",\"item\":\"https:\/\/www.dvs2205.com\/de\/\"},{\"@type\":\"ListItem\",\"position\":2,\"name\":\"Galvanikwannen\"}]}]}<\/script>\n<!-- \/ Yoast SEO plugin. -->","yoast_head_json":{"description":"Wir sind Hersteller von Galvanikwannen aus Thermoplastischen Materialien nach Kundenwunsch","robots":{"index":"index","follow":"follow","max-snippet":"max-snippet:-1","max-image-preview":"max-image-preview:large","max-video-preview":"max-video-preview:-1"},"canonical":"https:\/\/www.dvs2205.com\/de\/kade-za-galvanizaciju\/","og_locale":"de_DE","og_type":"article","og_title":"Galvanikwannen - DVS 2205","og_description":"Wir sind Hersteller von Galvanikwannen aus Thermoplastischen Materialien nach Kundenwunsch","og_url":"https:\/\/www.dvs2205.com\/de\/kade-za-galvanizaciju\/","og_site_name":"DVS 2205","article_modified_time":"2017-10-02T13:10:36+00:00","twitter_card":"summary","twitter_misc":{"Gesch\u00e4tzte Lesezeit":"1\u00a0Minute"},"schema":{"@context":"https:\/\/schema.org","@graph":[{"@type":"WebSite","@id":"https:\/\/www.dvs2205.com\/#website","url":"https:\/\/www.dvs2205.com\/","name":"DVS 2205","description":"Izrada spremnika i ure\u0111aja od termoplasti\u010dnih masa","potentialAction":[{"@type":"SearchAction","target":{"@type":"EntryPoint","urlTemplate":"https:\/\/www.dvs2205.com\/?s={search_term_string}"},"query-input":"required name=search_term_string"}],"inLanguage":"de"},{"@type":"WebPage","@id":"https:\/\/www.dvs2205.com\/de\/kade-za-galvanizaciju\/#webpage","url":"https:\/\/www.dvs2205.com\/de\/kade-za-galvanizaciju\/","name":"Galvanikwannen - DVS 2205","isPartOf":{"@id":"https:\/\/www.dvs2205.com\/#website"},"datePublished":"2017-02-13T20:36:45+00:00","dateModified":"2017-10-02T13:10:36+00:00","description":"Wir sind Hersteller von Galvanikwannen aus Thermoplastischen Materialien nach Kundenwunsch","breadcrumb":{"@id":"https:\/\/www.dvs2205.com\/de\/kade-za-galvanizaciju\/#breadcrumb"},"inLanguage":"de","potentialAction":[{"@type":"ReadAction","target":["https:\/\/www.dvs2205.com\/de\/kade-za-galvanizaciju\/"]}]},{"@type":"BreadcrumbList","@id":"https:\/\/www.dvs2205.com\/de\/kade-za-galvanizaciju\/#breadcrumb","itemListElement":[{"@type":"ListItem","position":1,"name":"Home","item":"https:\/\/www.dvs2205.com\/de\/"},{"@type":"ListItem","position":2,"name":"Galvanikwannen"}]}]}},"_links":{"self":[{"href":"https:\/\/www.dvs2205.com\/de\/wp-json\/wp\/v2\/pages\/724","targetHints":{"allow":["GET"]}}],"collection":[{"href":"https:\/\/www.dvs2205.com\/de\/wp-json\/wp\/v2\/pages"}],"about":[{"href":"https:\/\/www.dvs2205.com\/de\/wp-json\/wp\/v2\/types\/page"}],"author":[{"embeddable":true,"href":"https:\/\/www.dvs2205.com\/de\/wp-json\/wp\/v2\/users\/1"}],"replies":[{"embeddable":true,"href":"https:\/\/www.dvs2205.com\/de\/wp-json\/wp\/v2\/comments?post=724"}],"version-history":[{"count":9,"href":"https:\/\/www.dvs2205.com\/de\/wp-json\/wp\/v2\/pages\/724\/revisions"}],"predecessor-version":[{"id":958,"href":"https:\/\/www.dvs2205.com\/de\/wp-json\/wp\/v2\/pages\/724\/revisions\/958"}],"wp:attachment":[{"href":"https:\/\/www.dvs2205.com\/de\/wp-json\/wp\/v2\/media?parent=724"}],"curies":[{"name":"wp","href":"https:\/\/api.w.org\/{rel}","templated":true}]}}