{"id":613,"date":"2016-03-30T12:14:09","date_gmt":"2016-03-30T12:14:09","guid":{"rendered":"https:\/\/www.dvs2205.com\/de\/?page_id=613"},"modified":"2017-10-02T13:12:18","modified_gmt":"2017-10-02T13:12:18","slug":"lebensmittelindustrie","status":"publish","type":"page","link":"https:\/\/www.dvs2205.com\/de\/lebensmittelindustrie\/","title":{"rendered":"Lebensmittelindustrie"},"content":{"rendered":"<p>[vc_row css=&#8220;.vc_custom_1450524564093{padding-top: 50px !important;padding-right: 30px !important;padding-bottom: 20px !important;padding-left: 30px !important;}&#8220;][vc_column width=&#8220;2\/3&#8243;]<div class=\"vc_titles title_align_center\"><h1>Lebensmittelindustrie <\/h1><div class=\"title-stripes-center\"><\/div><\/div>[vc_column_text]Wir produzieren eine Vielzahl von Beh\u00e4ltern aus Thermoplasten in \u00dcbereinstimmung mit den Bed\u00fcrfnissen und W\u00fcnschen der Investoren. Wir sind in der Lage Ihnen einen Entwurf f\u00fcr die Durchsicht und m\u00f6gliche \u00c4nderungen in AUTOCAD vorzubereiten und zu liefern. Nach Ihrer Kontrolle machen wir Computer-Messung der erforderlichen Materialdicke (in \u00dcbereinstimmung mit DVS 2205-Standard).<br \/>\nIn \u00dcbereinstimmung mit der Art des Produktes, welcher im Beh\u00e4lter gelagert wird, bestimmen wir die Art von Thermoplasten (PP, PE, PVC, PVDF, alles gem\u00e4ss der Angabe des Herstellers), die gegen eine Vielzahl von korrosiven beziehungsweise negativen Auswirkungen auf die Struktur von Materialien resistent ist.<br \/>\nDas Baumaterial besitzt das Zertifikat des kroatischen Instituts f\u00fcr \u00f6ffentliche Gesundheit gem\u00e4ss der Verordnung \u00fcber die Rechtm\u00e4ssigkeit von Gegenst\u00e4nden, die in direkten Kontakt mit Lebensmitteln (NN 46\/04) kommen. Unsere Schwei\u00dfer der Thermoplasten sind gem\u00e4ss DVS 2212-Standard zertifiziert und die Stumpfschwei\u00dfmaschinen sind gem\u00e4ss DVS 2207 Standard programmiert und funktionieren automatisch.. Am Ende entsteht ein Endprodukt, f\u00fcr den wir die Langlebigkeit der Nutzung, als auch sein Design nach Ihren W\u00fcnschen garantieren.[\/vc_column_text][vc_gallery type=&#8220;image_grid&#8220; images=&#8220;518,519,520,521,522,523,524,525,526,527,528,529,530&#8243; img_size=&#8220;250&#215;250&#8243;][\/vc_column][vc_column width=&#8220;1\/3&#8243;][vc_widget_sidebar sidebar_id=&#8220;blog-sidebar&#8220;][vc_column_text]<\/p>\n<h1 style=\"text-align: center;\">ZERTIFIKATE<\/h1>\n<p>[\/vc_column_text][vc_single_image image=&#8220;942&#8243; img_size=&#8220;380&#215;570&#8243;][vc_column_text]<\/p>\n<h1 style=\"text-align: center;\">KONTAKT<\/h1>\n<p>[\/vc_column_text]<div role=\"form\" class=\"wpcf7\" id=\"wpcf7-f806-o1\" lang=\"hr\" dir=\"ltr\">\n<div class=\"screen-reader-response\"><p role=\"status\" aria-live=\"polite\" aria-atomic=\"true\"><\/p> <ul><\/ul><\/div>\n<form action=\"\/de\/wp-json\/wp\/v2\/pages\/613#wpcf7-f806-o1\" method=\"post\" class=\"wpcf7-form init\" novalidate=\"novalidate\" data-status=\"init\">\n<div style=\"display: none;\">\n<input type=\"hidden\" name=\"_wpcf7\" value=\"806\" \/>\n<input type=\"hidden\" name=\"_wpcf7_version\" value=\"5.5.2\" \/>\n<input type=\"hidden\" name=\"_wpcf7_locale\" value=\"hr\" \/>\n<input type=\"hidden\" name=\"_wpcf7_unit_tag\" value=\"wpcf7-f806-o1\" \/>\n<input type=\"hidden\" name=\"_wpcf7_container_post\" value=\"0\" \/>\n<input type=\"hidden\" name=\"_wpcf7_posted_data_hash\" value=\"\" \/>\n<input type=\"hidden\" name=\"_wpcf7_recaptcha_response\" value=\"\" \/>\n<\/div>\n<p>Ihr Name <br \/>\n    <div class=\"form-group your-name\"><input class=\"wpcf7-form-control wpcf7-text wpcf7-validates-as-required form-control\" name=\"your-name\" type=\"text\" value=\"\" aria-invalid=\"false\" aria-required=\"true\" required><\/div>\n\n<p>Ihre Email Adresse <br \/>\n    <div class=\"form-group your-email\"><input class=\"wpcf7-form-control wpcf7-text wpcf7-email wpcf7-validates-as-required wpcf7-validates-as-email form-control\" name=\"your-email\" type=\"email\" value=\"\" aria-invalid=\"false\" aria-required=\"true\" required><\/div>\n\n<p>Betrifft<br \/>\n    <div class=\"form-group your-subject\"><input class=\"wpcf7-form-control wpcf7-text wpcf7-validates-as-required form-control\" name=\"your-subject\" type=\"text\" value=\"\" aria-invalid=\"false\" aria-required=\"true\" required><\/div>\n\n<p>Ihre Nachricht<br \/>\n    <div class=\"form-group your-message\"><textarea class=\"wpcf7-form-control wpcf7-textarea wpcf7-validates-as-required form-control\" name=\"your-message\" rows=\"4\" aria-invalid=\"false\" aria-required=\"true\" required><\/textarea><\/div>\n\n<div class=\"form-group\"><div><input class=\"wpcf7-form-control wpcf7-submit btn btn-primary\" type=\"submit\" value=\"Senden\"><\/div><\/div><div class=\"wpcf7-response-output alert alert-warning\"><\/div><\/form><\/div>[\/vc_column][\/vc_row]<\/p>\n","protected":false},"excerpt":{"rendered":"<p>[vc_row css=&#8220;.vc_custom_1450524564093{padding-top: 50px !important;padding-right: 30px !important;padding-bottom: 20px !important;padding-left: 30px !important;}&#8220;][vc_column width=&#8220;2\/3&#8243;][vc_column_text]Wir produzieren eine Vielzahl von Beh\u00e4ltern aus Thermoplasten in \u00dcbereinstimmung mit den Bed\u00fcrfnissen und W\u00fcnschen der Investoren. Wir sind in der Lage Ihnen einen Entwurf f\u00fcr die Durchsicht und m\u00f6gliche \u00c4nderungen in AUTOCAD vorzubereiten und zu liefern. Nach Ihrer Kontrolle machen wir Computer-Messung der erforderlichen [&hellip;]<\/p>\n","protected":false},"author":1,"featured_media":0,"parent":0,"menu_order":0,"comment_status":"closed","ping_status":"closed","template":"","meta":{"footnotes":""},"class_list":["post-613","page","type-page","status-publish","hentry"],"yoast_head":"<!-- This site is optimized with the Yoast SEO plugin v17.6 - https:\/\/yoast.com\/wordpress\/plugins\/seo\/ -->\n<meta name=\"robots\" content=\"index, follow, max-snippet:-1, max-image-preview:large, max-video-preview:-1\" \/>\n<link rel=\"canonical\" href=\"https:\/\/www.dvs2205.com\/de\/lebensmittelindustrie\/\" \/>\n<meta property=\"og:locale\" content=\"de_DE\" \/>\n<meta property=\"og:type\" content=\"article\" \/>\n<meta property=\"og:title\" content=\"Lebensmittelindustrie - DVS 2205\" \/>\n<meta property=\"og:description\" content=\"[vc_row css=&#8220;.vc_custom_1450524564093{padding-top: 50px !important;padding-right: 30px !important;padding-bottom: 20px !important;padding-left: 30px !important;}&#8220;][vc_column width=&#8220;2\/3&#8243;][vc_column_text]Wir produzieren eine Vielzahl von Beh\u00e4ltern aus Thermoplasten in \u00dcbereinstimmung mit den Bed\u00fcrfnissen und W\u00fcnschen der Investoren. Wir sind in der Lage Ihnen einen Entwurf f\u00fcr die Durchsicht und m\u00f6gliche \u00c4nderungen in AUTOCAD vorzubereiten und zu liefern. Nach Ihrer Kontrolle machen wir Computer-Messung der erforderlichen [&hellip;]\" \/>\n<meta property=\"og:url\" content=\"https:\/\/www.dvs2205.com\/de\/lebensmittelindustrie\/\" \/>\n<meta property=\"og:site_name\" content=\"DVS 2205\" \/>\n<meta property=\"article:modified_time\" content=\"2017-10-02T13:12:18+00:00\" \/>\n<meta name=\"twitter:card\" content=\"summary\" \/>\n<meta name=\"twitter:label1\" content=\"Gesch\u00e4tzte Lesezeit\" \/>\n\t<meta name=\"twitter:data1\" content=\"1\u00a0Minute\" \/>\n<script type=\"application\/ld+json\" class=\"yoast-schema-graph\">{\"@context\":\"https:\/\/schema.org\",\"@graph\":[{\"@type\":\"WebSite\",\"@id\":\"https:\/\/www.dvs2205.com\/#website\",\"url\":\"https:\/\/www.dvs2205.com\/\",\"name\":\"DVS 2205\",\"description\":\"Izrada spremnika i ure\\u0111aja od termoplasti\\u010dnih masa\",\"potentialAction\":[{\"@type\":\"SearchAction\",\"target\":{\"@type\":\"EntryPoint\",\"urlTemplate\":\"https:\/\/www.dvs2205.com\/?s={search_term_string}\"},\"query-input\":\"required name=search_term_string\"}],\"inLanguage\":\"de\"},{\"@type\":\"WebPage\",\"@id\":\"https:\/\/www.dvs2205.com\/de\/lebensmittelindustrie\/#webpage\",\"url\":\"https:\/\/www.dvs2205.com\/de\/lebensmittelindustrie\/\",\"name\":\"Lebensmittelindustrie - DVS 2205\",\"isPartOf\":{\"@id\":\"https:\/\/www.dvs2205.com\/#website\"},\"datePublished\":\"2016-03-30T12:14:09+00:00\",\"dateModified\":\"2017-10-02T13:12:18+00:00\",\"breadcrumb\":{\"@id\":\"https:\/\/www.dvs2205.com\/de\/lebensmittelindustrie\/#breadcrumb\"},\"inLanguage\":\"de\",\"potentialAction\":[{\"@type\":\"ReadAction\",\"target\":[\"https:\/\/www.dvs2205.com\/de\/lebensmittelindustrie\/\"]}]},{\"@type\":\"BreadcrumbList\",\"@id\":\"https:\/\/www.dvs2205.com\/de\/lebensmittelindustrie\/#breadcrumb\",\"itemListElement\":[{\"@type\":\"ListItem\",\"position\":1,\"name\":\"Home\",\"item\":\"https:\/\/www.dvs2205.com\/de\/\"},{\"@type\":\"ListItem\",\"position\":2,\"name\":\"Lebensmittelindustrie\"}]}]}<\/script>\n<!-- \/ Yoast SEO plugin. -->","yoast_head_json":{"robots":{"index":"index","follow":"follow","max-snippet":"max-snippet:-1","max-image-preview":"max-image-preview:large","max-video-preview":"max-video-preview:-1"},"canonical":"https:\/\/www.dvs2205.com\/de\/lebensmittelindustrie\/","og_locale":"de_DE","og_type":"article","og_title":"Lebensmittelindustrie - DVS 2205","og_description":"[vc_row css=&#8220;.vc_custom_1450524564093{padding-top: 50px !important;padding-right: 30px !important;padding-bottom: 20px !important;padding-left: 30px !important;}&#8220;][vc_column width=&#8220;2\/3&#8243;][vc_column_text]Wir produzieren eine Vielzahl von Beh\u00e4ltern aus Thermoplasten in \u00dcbereinstimmung mit den Bed\u00fcrfnissen und W\u00fcnschen der Investoren. Wir sind in der Lage Ihnen einen Entwurf f\u00fcr die Durchsicht und m\u00f6gliche \u00c4nderungen in AUTOCAD vorzubereiten und zu liefern. Nach Ihrer Kontrolle machen wir Computer-Messung der erforderlichen [&hellip;]","og_url":"https:\/\/www.dvs2205.com\/de\/lebensmittelindustrie\/","og_site_name":"DVS 2205","article_modified_time":"2017-10-02T13:12:18+00:00","twitter_card":"summary","twitter_misc":{"Gesch\u00e4tzte Lesezeit":"1\u00a0Minute"},"schema":{"@context":"https:\/\/schema.org","@graph":[{"@type":"WebSite","@id":"https:\/\/www.dvs2205.com\/#website","url":"https:\/\/www.dvs2205.com\/","name":"DVS 2205","description":"Izrada spremnika i ure\u0111aja od termoplasti\u010dnih masa","potentialAction":[{"@type":"SearchAction","target":{"@type":"EntryPoint","urlTemplate":"https:\/\/www.dvs2205.com\/?s={search_term_string}"},"query-input":"required name=search_term_string"}],"inLanguage":"de"},{"@type":"WebPage","@id":"https:\/\/www.dvs2205.com\/de\/lebensmittelindustrie\/#webpage","url":"https:\/\/www.dvs2205.com\/de\/lebensmittelindustrie\/","name":"Lebensmittelindustrie - DVS 2205","isPartOf":{"@id":"https:\/\/www.dvs2205.com\/#website"},"datePublished":"2016-03-30T12:14:09+00:00","dateModified":"2017-10-02T13:12:18+00:00","breadcrumb":{"@id":"https:\/\/www.dvs2205.com\/de\/lebensmittelindustrie\/#breadcrumb"},"inLanguage":"de","potentialAction":[{"@type":"ReadAction","target":["https:\/\/www.dvs2205.com\/de\/lebensmittelindustrie\/"]}]},{"@type":"BreadcrumbList","@id":"https:\/\/www.dvs2205.com\/de\/lebensmittelindustrie\/#breadcrumb","itemListElement":[{"@type":"ListItem","position":1,"name":"Home","item":"https:\/\/www.dvs2205.com\/de\/"},{"@type":"ListItem","position":2,"name":"Lebensmittelindustrie"}]}]}},"_links":{"self":[{"href":"https:\/\/www.dvs2205.com\/de\/wp-json\/wp\/v2\/pages\/613","targetHints":{"allow":["GET"]}}],"collection":[{"href":"https:\/\/www.dvs2205.com\/de\/wp-json\/wp\/v2\/pages"}],"about":[{"href":"https:\/\/www.dvs2205.com\/de\/wp-json\/wp\/v2\/types\/page"}],"author":[{"embeddable":true,"href":"https:\/\/www.dvs2205.com\/de\/wp-json\/wp\/v2\/users\/1"}],"replies":[{"embeddable":true,"href":"https:\/\/www.dvs2205.com\/de\/wp-json\/wp\/v2\/comments?post=613"}],"version-history":[{"count":4,"href":"https:\/\/www.dvs2205.com\/de\/wp-json\/wp\/v2\/pages\/613\/revisions"}],"predecessor-version":[{"id":961,"href":"https:\/\/www.dvs2205.com\/de\/wp-json\/wp\/v2\/pages\/613\/revisions\/961"}],"wp:attachment":[{"href":"https:\/\/www.dvs2205.com\/de\/wp-json\/wp\/v2\/media?parent=613"}],"curies":[{"name":"wp","href":"https:\/\/api.w.org\/{rel}","templated":true}]}}