{"id":605,"date":"2016-03-30T12:05:31","date_gmt":"2016-03-30T12:05:31","guid":{"rendered":"https:\/\/www.dvs2205.com\/de\/?page_id=605"},"modified":"2017-10-02T13:11:44","modified_gmt":"2017-10-02T13:11:44","slug":"kontakt","status":"publish","type":"page","link":"https:\/\/www.dvs2205.com\/de\/kontakt\/","title":{"rendered":"Kontakt"},"content":{"rendered":"<p>[vc_row css=&#8220;.vc_custom_1450524564093{padding-top: 50px !important;padding-right: 30px !important;padding-bottom: 20px !important;padding-left: 30px !important;}&#8220;][vc_column width=&#8220;2\/3&#8243;]<div class=\"vc_titles title_align_center\"><h1>Kontakt<\/h1><div class=\"title-stripes-center\"><\/div><\/div>[vc_column_text]Das Unternehmen BP hat eine erfolgreiche Betriebstradition von 14 Jahren mit au\u00dfergew\u00f6hnlicher Erfahrung in der Herstellung und Verpackung der Produkte hergestellt aus thermoplastischen Platten (PE, PP, PVC, PVDF).<br \/>\nIm Mai des Jahres 2010 haben wir eine neue Produktionsst\u00e4tte von ca. 600 qm er\u00f6ffnet, womit wir zus\u00e4tzlich unsere Produktionskapazit\u00e4ten erweitert haben.<br \/>\nUnsere Produkte sind in vielen Branchen zu finden und sie werden f\u00fcr verschiedene Zwecke verwendet, z. B. Chemieindistrie, Galvanisationindustrie (Bearbeitung), Nahrungsmittelindustrie (Milchprodukte, Fleisch,&#8230;), Pharma-und Textilindustrie, im Bereich der Wasser-und Luftreinigung sowie in der Vorbereitung von Trink-und Prozesswasser.<br \/>\nAlle Ger\u00e4te sind konstruiert und in \u00dcbereinstimmung mit europ\u00e4ischen Normen hergestellt und sind durch die entsprechenden Institutionen zertifiziert. Wir haben reiche Erfahrung in der wir die ISO 9001:2008 und ISO 14001:2004 eingef\u00fchrt haben. In der Produktionsabteilung haben wir 20 Mitarbeiter, die nach DVS-Standard (2203 und 2212) zertifiziert sind und die, abh\u00e4ngig von der Dom\u00e4ne des Berufs, kontinuierlich weiter gebildet werden.<br \/>\nJeder Mitarbeiter des Unternehmens kennt die Betriebspolitik, arbeitet im Geist der eingef\u00fchrten Standards und tr\u00e4gt mit seinen Auftreten zur kontinuierlichen Qualit\u00e4tsverbesserung und zum Umweltschutz, bei.[\/vc_column_text][vc_column_text]<strong>F\u00fcr mehr Informationen rufen Sie uns a<span style=\"text-decoration: underline;\">n:<\/span><\/strong><\/p>\n<p><span style=\"text-decoration: underline;\"><strong><a href=\"tel:+38598334813\">+385 (0)98 334813<\/a><\/strong><\/span><strong>\u00a0klicken wenn Sie mit dem Smarphone surfen<\/strong><\/p>\n<p><strong>oder \u00fcber den Kontakt Formular unten !<\/strong>[\/vc_column_text][vc_column_text]<\/p>\n<h1 style=\"text-align: center;\">KONTAKT<\/h1>\n<p>[\/vc_column_text]<div role=\"form\" class=\"wpcf7\" id=\"wpcf7-f806-o1\" lang=\"hr\" dir=\"ltr\">\n<div class=\"screen-reader-response\"><p role=\"status\" aria-live=\"polite\" aria-atomic=\"true\"><\/p> <ul><\/ul><\/div>\n<form action=\"\/de\/wp-json\/wp\/v2\/pages\/605#wpcf7-f806-o1\" method=\"post\" class=\"wpcf7-form init\" novalidate=\"novalidate\" data-status=\"init\">\n<div style=\"display: none;\">\n<input type=\"hidden\" name=\"_wpcf7\" value=\"806\" \/>\n<input type=\"hidden\" name=\"_wpcf7_version\" value=\"5.5.2\" \/>\n<input type=\"hidden\" name=\"_wpcf7_locale\" value=\"hr\" \/>\n<input type=\"hidden\" name=\"_wpcf7_unit_tag\" value=\"wpcf7-f806-o1\" \/>\n<input type=\"hidden\" name=\"_wpcf7_container_post\" value=\"0\" \/>\n<input type=\"hidden\" name=\"_wpcf7_posted_data_hash\" value=\"\" \/>\n<input type=\"hidden\" name=\"_wpcf7_recaptcha_response\" value=\"\" \/>\n<\/div>\n<p>Ihr Name <br \/>\n    <div class=\"form-group your-name\"><input class=\"wpcf7-form-control wpcf7-text wpcf7-validates-as-required form-control\" name=\"your-name\" type=\"text\" value=\"\" aria-invalid=\"false\" aria-required=\"true\" required><\/div>\n\n<p>Ihre Email Adresse <br \/>\n    <div class=\"form-group your-email\"><input class=\"wpcf7-form-control wpcf7-text wpcf7-email wpcf7-validates-as-required wpcf7-validates-as-email form-control\" name=\"your-email\" type=\"email\" value=\"\" aria-invalid=\"false\" aria-required=\"true\" required><\/div>\n\n<p>Betrifft<br \/>\n    <div class=\"form-group your-subject\"><input class=\"wpcf7-form-control wpcf7-text wpcf7-validates-as-required form-control\" name=\"your-subject\" type=\"text\" value=\"\" aria-invalid=\"false\" aria-required=\"true\" required><\/div>\n\n<p>Ihre Nachricht<br \/>\n    <div class=\"form-group your-message\"><textarea class=\"wpcf7-form-control wpcf7-textarea wpcf7-validates-as-required form-control\" name=\"your-message\" rows=\"4\" aria-invalid=\"false\" aria-required=\"true\" required><\/textarea><\/div>\n\n<div class=\"form-group\"><div><input class=\"wpcf7-form-control wpcf7-submit btn btn-primary\" type=\"submit\" value=\"Senden\"><\/div><\/div><div class=\"wpcf7-response-output alert alert-warning\"><\/div><\/form><\/div>[\/vc_column][vc_column width=&#8220;1\/3&#8243;][vc_widget_sidebar sidebar_id=&#8220;blog-sidebar&#8220;][vc_column_text]<\/p>\n<h1 style=\"text-align: center;\">ZERTIFIKATE<\/h1>\n<p>[\/vc_column_text][vc_single_image image=&#8220;942&#8243; img_size=&#8220;380&#215;570&#8243;][\/vc_column][\/vc_row]<\/p>\n","protected":false},"excerpt":{"rendered":"<p>[vc_row css=&#8220;.vc_custom_1450524564093{padding-top: 50px !important;padding-right: 30px !important;padding-bottom: 20px !important;padding-left: 30px !important;}&#8220;][vc_column width=&#8220;2\/3&#8243;][vc_column_text]Das Unternehmen BP hat eine erfolgreiche Betriebstradition von 14 Jahren mit au\u00dfergew\u00f6hnlicher Erfahrung in der Herstellung und Verpackung der Produkte hergestellt aus thermoplastischen Platten (PE, PP, PVC, PVDF). Im Mai des Jahres 2010 haben wir eine neue Produktionsst\u00e4tte von ca. 600 qm er\u00f6ffnet, womit wir [&hellip;]<\/p>\n","protected":false},"author":1,"featured_media":0,"parent":0,"menu_order":0,"comment_status":"closed","ping_status":"closed","template":"","meta":{"footnotes":""},"class_list":["post-605","page","type-page","status-publish","hentry"],"yoast_head":"<!-- This site is optimized with the Yoast SEO plugin v17.6 - https:\/\/yoast.com\/wordpress\/plugins\/seo\/ -->\n<meta name=\"robots\" content=\"index, follow, max-snippet:-1, max-image-preview:large, max-video-preview:-1\" \/>\n<link rel=\"canonical\" href=\"https:\/\/www.dvs2205.com\/de\/kontakt\/\" \/>\n<meta property=\"og:locale\" content=\"de_DE\" \/>\n<meta property=\"og:type\" content=\"article\" \/>\n<meta property=\"og:title\" content=\"Kontakt - DVS 2205\" \/>\n<meta property=\"og:description\" content=\"[vc_row css=&#8220;.vc_custom_1450524564093{padding-top: 50px !important;padding-right: 30px !important;padding-bottom: 20px !important;padding-left: 30px !important;}&#8220;][vc_column width=&#8220;2\/3&#8243;][vc_column_text]Das Unternehmen BP hat eine erfolgreiche Betriebstradition von 14 Jahren mit au\u00dfergew\u00f6hnlicher Erfahrung in der Herstellung und Verpackung der Produkte hergestellt aus thermoplastischen Platten (PE, PP, PVC, PVDF). Im Mai des Jahres 2010 haben wir eine neue Produktionsst\u00e4tte von ca. 600 qm er\u00f6ffnet, womit wir [&hellip;]\" \/>\n<meta property=\"og:url\" content=\"https:\/\/www.dvs2205.com\/de\/kontakt\/\" \/>\n<meta property=\"og:site_name\" content=\"DVS 2205\" \/>\n<meta property=\"article:modified_time\" content=\"2017-10-02T13:11:44+00:00\" \/>\n<meta name=\"twitter:card\" content=\"summary\" \/>\n<meta name=\"twitter:label1\" content=\"Gesch\u00e4tzte Lesezeit\" \/>\n\t<meta name=\"twitter:data1\" content=\"1\u00a0Minute\" \/>\n<script type=\"application\/ld+json\" class=\"yoast-schema-graph\">{\"@context\":\"https:\/\/schema.org\",\"@graph\":[{\"@type\":\"WebSite\",\"@id\":\"https:\/\/www.dvs2205.com\/#website\",\"url\":\"https:\/\/www.dvs2205.com\/\",\"name\":\"DVS 2205\",\"description\":\"Izrada spremnika i ure\\u0111aja od termoplasti\\u010dnih masa\",\"potentialAction\":[{\"@type\":\"SearchAction\",\"target\":{\"@type\":\"EntryPoint\",\"urlTemplate\":\"https:\/\/www.dvs2205.com\/?s={search_term_string}\"},\"query-input\":\"required name=search_term_string\"}],\"inLanguage\":\"de\"},{\"@type\":\"WebPage\",\"@id\":\"https:\/\/www.dvs2205.com\/de\/kontakt\/#webpage\",\"url\":\"https:\/\/www.dvs2205.com\/de\/kontakt\/\",\"name\":\"Kontakt - DVS 2205\",\"isPartOf\":{\"@id\":\"https:\/\/www.dvs2205.com\/#website\"},\"datePublished\":\"2016-03-30T12:05:31+00:00\",\"dateModified\":\"2017-10-02T13:11:44+00:00\",\"breadcrumb\":{\"@id\":\"https:\/\/www.dvs2205.com\/de\/kontakt\/#breadcrumb\"},\"inLanguage\":\"de\",\"potentialAction\":[{\"@type\":\"ReadAction\",\"target\":[\"https:\/\/www.dvs2205.com\/de\/kontakt\/\"]}]},{\"@type\":\"BreadcrumbList\",\"@id\":\"https:\/\/www.dvs2205.com\/de\/kontakt\/#breadcrumb\",\"itemListElement\":[{\"@type\":\"ListItem\",\"position\":1,\"name\":\"Home\",\"item\":\"https:\/\/www.dvs2205.com\/de\/\"},{\"@type\":\"ListItem\",\"position\":2,\"name\":\"Kontakt\"}]}]}<\/script>\n<!-- \/ Yoast SEO plugin. -->","yoast_head_json":{"robots":{"index":"index","follow":"follow","max-snippet":"max-snippet:-1","max-image-preview":"max-image-preview:large","max-video-preview":"max-video-preview:-1"},"canonical":"https:\/\/www.dvs2205.com\/de\/kontakt\/","og_locale":"de_DE","og_type":"article","og_title":"Kontakt - DVS 2205","og_description":"[vc_row css=&#8220;.vc_custom_1450524564093{padding-top: 50px !important;padding-right: 30px !important;padding-bottom: 20px !important;padding-left: 30px !important;}&#8220;][vc_column width=&#8220;2\/3&#8243;][vc_column_text]Das Unternehmen BP hat eine erfolgreiche Betriebstradition von 14 Jahren mit au\u00dfergew\u00f6hnlicher Erfahrung in der Herstellung und Verpackung der Produkte hergestellt aus thermoplastischen Platten (PE, PP, PVC, PVDF). Im Mai des Jahres 2010 haben wir eine neue Produktionsst\u00e4tte von ca. 600 qm er\u00f6ffnet, womit wir [&hellip;]","og_url":"https:\/\/www.dvs2205.com\/de\/kontakt\/","og_site_name":"DVS 2205","article_modified_time":"2017-10-02T13:11:44+00:00","twitter_card":"summary","twitter_misc":{"Gesch\u00e4tzte Lesezeit":"1\u00a0Minute"},"schema":{"@context":"https:\/\/schema.org","@graph":[{"@type":"WebSite","@id":"https:\/\/www.dvs2205.com\/#website","url":"https:\/\/www.dvs2205.com\/","name":"DVS 2205","description":"Izrada spremnika i ure\u0111aja od termoplasti\u010dnih masa","potentialAction":[{"@type":"SearchAction","target":{"@type":"EntryPoint","urlTemplate":"https:\/\/www.dvs2205.com\/?s={search_term_string}"},"query-input":"required name=search_term_string"}],"inLanguage":"de"},{"@type":"WebPage","@id":"https:\/\/www.dvs2205.com\/de\/kontakt\/#webpage","url":"https:\/\/www.dvs2205.com\/de\/kontakt\/","name":"Kontakt - DVS 2205","isPartOf":{"@id":"https:\/\/www.dvs2205.com\/#website"},"datePublished":"2016-03-30T12:05:31+00:00","dateModified":"2017-10-02T13:11:44+00:00","breadcrumb":{"@id":"https:\/\/www.dvs2205.com\/de\/kontakt\/#breadcrumb"},"inLanguage":"de","potentialAction":[{"@type":"ReadAction","target":["https:\/\/www.dvs2205.com\/de\/kontakt\/"]}]},{"@type":"BreadcrumbList","@id":"https:\/\/www.dvs2205.com\/de\/kontakt\/#breadcrumb","itemListElement":[{"@type":"ListItem","position":1,"name":"Home","item":"https:\/\/www.dvs2205.com\/de\/"},{"@type":"ListItem","position":2,"name":"Kontakt"}]}]}},"_links":{"self":[{"href":"https:\/\/www.dvs2205.com\/de\/wp-json\/wp\/v2\/pages\/605","targetHints":{"allow":["GET"]}}],"collection":[{"href":"https:\/\/www.dvs2205.com\/de\/wp-json\/wp\/v2\/pages"}],"about":[{"href":"https:\/\/www.dvs2205.com\/de\/wp-json\/wp\/v2\/types\/page"}],"author":[{"embeddable":true,"href":"https:\/\/www.dvs2205.com\/de\/wp-json\/wp\/v2\/users\/1"}],"replies":[{"embeddable":true,"href":"https:\/\/www.dvs2205.com\/de\/wp-json\/wp\/v2\/comments?post=605"}],"version-history":[{"count":8,"href":"https:\/\/www.dvs2205.com\/de\/wp-json\/wp\/v2\/pages\/605\/revisions"}],"predecessor-version":[{"id":960,"href":"https:\/\/www.dvs2205.com\/de\/wp-json\/wp\/v2\/pages\/605\/revisions\/960"}],"wp:attachment":[{"href":"https:\/\/www.dvs2205.com\/de\/wp-json\/wp\/v2\/media?parent=605"}],"curies":[{"name":"wp","href":"https:\/\/api.w.org\/{rel}","templated":true}]}}