{"id":588,"date":"2016-03-30T10:41:51","date_gmt":"2016-03-30T10:41:51","guid":{"rendered":"https:\/\/www.dvs2205.com\/?page_id=588&#038;lang=de"},"modified":"2017-10-02T13:15:07","modified_gmt":"2017-10-02T13:15:07","slug":"ueber-uns","status":"publish","type":"page","link":"https:\/\/www.dvs2205.com\/de\/ueber-uns\/","title":{"rendered":"\u00dcber uns !"},"content":{"rendered":"<p>[vc_row css=&#8220;.vc_custom_1450524564093{padding-top: 50px !important;padding-right: 30px !important;padding-bottom: 20px !important;padding-left: 30px !important;}&#8220;][vc_column width=&#8220;2\/3&#8243;]<div class=\"vc_titles title_align_center\"><h1>\u00dcBER UNS<\/h1><div class=\"title-stripes-center\"><\/div><\/div>[vc_column_text]Das Unternehmen BP Group hat eine erfolgreiche Betriebstradition von 20 Jahren mit au\u00dfergew\u00f6hnlicher Erfahrung in der Herstellung der Produkte aus thermoplastischen Kunststoffen (PE, PP, PVC, PVDF).<br \/>\nIm Mai des Jahres 2010 haben wir eine neue Produktionsst\u00e4tte von ca. 600 qm er\u00f6ffnet, womit wir zus\u00e4tzlich unsere Produktionskapazit\u00e4ten erweitert haben.<br \/>\nUnsere Produkte sind in vielen Branchen zu finden und sie werden f\u00fcr verschiedene Zwecke verwendet, z. B. Chemische Industrie, Galvanisation (Metalbearbeitung, veredelung), Nahrungsmittelindustrie (Milchprodukte, Fleisch,&#8230;), Pharma-und Textilindustrie, im Bereich der Wasser-und Luftreinigung sowie in der Vorbereitung von Trink-und Prozesswasser.<br \/>\nAlle Ger\u00e4te sind konstruiert und in \u00dcbereinstimmung mit europ\u00e4ischen Normen hergestellt und sind durch die entsprechenden Institutionen zertifiziert. Wir haben reiche Erfahrung in der wir die ISO 9001:2008 und ISO 14001:2004 eingef\u00fchrt haben. In der Produktionsabteilung haben wir 20 Mitarbeiter, die nach DVS-Standard (2203 und 2212) zertifiziert sind und die, abh\u00e4ngig von der Dom\u00e4ne des Berufs, kontinuierlich weiter gebildet werden.<br \/>\nJeder Mitarbeiter des Unternehmens kennt die Betriebspolitik, arbeitet im Geist der eingef\u00fchrten Standards und tr\u00e4gt mit seinen Auftreten zur kontinuierlichen Qualit\u00e4tsverbesserung und zum Umweltschutz, bei.<\/p>\n<h1>MISSION<\/h1>\n<p>Entwicklung von anspruchsvollen Ger\u00e4ten und Anlagen zum Zweck der bestm\u00f6glichen Zufriedenheit unserer bestehenden und zuk\u00fcnftigen Kunden, ist unsere t\u00e4gliche Aufgabe. Wir arbeiten st\u00e4ndig daran, Produkte und Fertigungstechnologien zu verbessern und investieren in die Entwicklung mit dem Bestreben der Erhaltung von erkenntlicher Qualit\u00e4t unserer Produkte auf dem Markt und das Vertrauen unserer Kunden zu rechtfertigen.<\/p>\n<h1>VISION<\/h1>\n<p>Qualit\u00e4t, Innovation, Authentizit\u00e4t sind seit jeher die Kernwerte unserer Produkte. unsere Vision ist es, F\u00fchrer in der Herstellung von Produkten in der Region und dar\u00fcber hinaus zu werden und als Synonym f\u00fcr Qualit\u00e4t in der Produktion und Spitzenprodukt.<\/p>\n<h1>PRODUKTION<\/h1>\n<p>Durch die Er\u00f6ffnung einer neuen Industrieanlage im Juni 2010 von ca. 600 m\u00b2, haben wir unsere Produktionskapazit\u00e4ten ausgebaut. Maschinen, die in der neuen Anlage verwendet werden, sind: WEGENER Schnittstellenschwei\u00dfmaschine von Thermoplasten (L\u00e4nge 5 m, Materialdicke 80 mm), HERZ-Maschine f\u00fcr Schnittstellenschwei\u00dfung von Thermoplasten (L\u00e4nge 3 m, Materialdicke 80 mm) und WEGENER Biegemaschine von Thermoplasten (L\u00e4nge 3 m).<br \/>\nDas Laufwerk ist mit einem Kran von 3,2 Tonnen Tragf\u00e4higkeit ausgestattet. Mehr \u00fcber unsere Maschinen, lesen Sie unter Ausr\u00fcstung und Technologie.<\/p>\n<h1>TECHNOLOGIE<\/h1>\n<p>Wir sind stolz auf die technische Ausstattung unseres Unternehmens, welche eine der besten in diesem Teil Europas ist. Unter anderem geh\u00f6ren dazu:<br \/>\nMaschine f\u00fcr Stumpfschwei\u00dfung &#8211; HERZ SL 3000 STD<\/p>\n<p>&#8211; CNC-Maschine f\u00fcr Stumpfschwei\u00dfung. Schweissung-Technologie ist nach den Richtlinien DVS 2205 automatisiert. Das Merkmal eines solchen Schwei\u00dfverfahren ist die h\u00f6chstm\u00f6gliche Qualit\u00e4t der Schwei\u00dfn\u00e4hte. Zur Qualit\u00e4t tr\u00e4gt der Druck von Protokollen von Schwei\u00dfen (Temperatur, Materialst\u00e4rke und Dauer) bei.<\/p>\n<p>Einige technische Merkmale der Maschine:<br \/>\nMax. Arbeitsbreite: 3000 mm<br \/>\nMax. Dicke der Platte (PP \/ PE): 80 mm<br \/>\n(PVC): 10 mm<br \/>\nMaschine f\u00fcr Stumpfschwei\u00dfung &#8211; WEGENER SM 540 TP80<\/p>\n<p>&#8211; CNC-Maschine, mit welcher man, nach den Richtlinien DVS 2205, das Verscheissen von Platten aus Polypropylen und Polyethylen ausf\u00fchrt.. Die Maschine ist voll automatisiert. Da die Massen und Funktionen der Maschine einzigartig sind, erfolgte die Produktion und Lieferung in Zusammenarbeit mit der Firma WEGENER und seinen Facharbeitern. Zur Qualit\u00e4t tr\u00e4gt der Druck von Protokollen von Schwei\u00dfen (Temperatur, Materialst\u00e4rke und Dauer) bei.<br \/>\nIhre technischen Merkmale sind:<br \/>\nMax. Arbeitsbreite: 5050 mm<br \/>\nMax. Dicke der Platte: 80 mm<br \/>\nBiegemaschine &#8211; WEGENER BV 300<\/p>\n<p>&#8211; Biegemaschine, die sich auch an die Richtlinien der Deutschen Gesellschaft f\u00fcr Schwei\u00dfer anlehnt, zeichnet die Geschwindigkeit und die Flexibilit\u00e4t, aus. Diese Maschine erm\u00f6glicht die Serienproduktion (zB L\u00fcftungskan\u00e4le f\u00fcr aggressive Medien), wo Flexibilit\u00e4t und Geschwindigkeit ben\u00f6tigt wird.<br \/>\nTechnische Merkmale der Maschine:<br \/>\nMax. Arbeitsbreite: 3050 mm<br \/>\nMax. Dicke der Platte: 15 mm<br \/>\nMin. Durchschnitt des gefertigten Kanals: 270&#215;250 mm<br \/>\nBiegewinkel: 0 \u00b0 &#8211; 95 \u00b0<br \/>\nPortal-Fr\u00e4smaschine &#8211; BZT PFH 3015<\/p>\n<p>&#8211; CNC Gravier-und Fr\u00e4smaschinen f\u00fcr Polypropylen und Polyethylen-Produkte und Produkte aus Metallen (z.B Al, Fe Bleche). Es zeichnet sich durch hohe Geschwindigkeit, Flexibilit\u00e4t, Programmierbarkeit und Pr\u00e4zision aus.<br \/>\nTechnische Merkmale der Maschine:<br \/>\nArbeitstisch: 1500&#215;3300 mm<br \/>\nH\u00f6he der Z-Achse: 250 mm<br \/>\nSchnittgeschwindigkeit: X + Y 25000 \/ Z 10000 mm \/ min<br \/>\nWiederholgenauigkeit: + \/ &#8211; 0,02 bis 0,03 mm<br \/>\nZus\u00e4tzlich zu den oben genannten Maschinen, verwenden unsere Mitarbeiter auch Handwerkzeuge von namhaften Herstellern, unter welchen sind:<br \/>\nExtruder &#8211; LEISTER, Munch<\/p>\n<p>Vorrichtung zum manuellen Schwei\u00dfen: Leister<\/p>\n<h1>UMWELT<\/h1>\n<p>Sorge um die Umwelt, ihre Erhaltung und Schutz ist eine der wichtigsten Aufgaben der menschlichen Gesellschaft und somit ist der Schutz der Umwelt unser Hauptziel, wodurch unsere langfristige Vision gebildet wird: eine gesch\u00fctzte und unber\u00fchrte Umwelt f\u00fcr zuk\u00fcnftige Generationen und Aktivit\u00e4ten angepasst an die Politik der nachhaltigen Entwicklung der gesamten Region.<br \/>\nZiele:<br \/>\n&#8211; Kontinuierliche Steigerung der Qualit\u00e4t und Sicherheit unserer Produkte<br \/>\n&#8211; Entwicklung neuer Technologien und Produkte<br \/>\n&#8211; Erweiterung der Produktion<br \/>\n&#8211; Steigerung der Wettbewerbsf\u00e4higkeit auf ausl\u00e4ndischen M\u00e4rkten<br \/>\n&#8211; Kontinuierliche \u00dcberwachung und Verringerung der negativen Auswirkungen auf die Umwelt<br \/>\n&#8211; Fortlaufender Abgleich der geltenden Vorschriften und Gesetze<br \/>\n&#8211; Sensibilisierung der Bev\u00f6lkerung \u00fcber den Umweltschutz<br \/>\nUnser Produktionsprogramm, welches unter anderem, Produkte f\u00fcr die Abwasserreinigung und Luftreinhaltung darstellen, verpflichten zus\u00e4tzlich zum Einsatz der maximalen Anstrengungen zur Umweltschutz, als auch zur Verringerung der Produktion von Treibhausgasen..<br \/>\nDie Ger\u00e4te stellen wir aus hochwertigem Polypropylen und Polyethylen her.<br \/>\nAus den Abf\u00e4llen, die bei der Herstellung der gleichen vorkommen,<br \/>\nproduzieren wir flexible Rohre f\u00fcr Elektroindustrie. Auf diese Weise k\u00f6nnen wir<br \/>\nstolz auf die Tatsache sein, dass wir eine 100% saubere Produktion haben.<br \/>\nIn unserem Produktionssystem, wie wir bereits betont haben, ist der der<br \/>\nISO 14001:2004 implementiert (integreiertes System des Umweltmanagemen<br \/>\nZertifikate<br \/>\n{gallery}certifikati_de:150:200{\/gallery}<br \/>\n\u2022 EN ISO 9001 : 2008<br \/>\n\u2022 EN ISO 14001 : 2004<br \/>\n\u2022 Pr\u00fcfung und \u00dcberwachung des Schweissers nach dem DVS Norm 2205[\/vc_column_text][\/vc_column][vc_column width=&#8220;1\/3&#8243;][vc_widget_sidebar sidebar_id=&#8220;blog-sidebar&#8220;][vc_column_text]<\/p>\n<h1 style=\"text-align: center;\">ZERTIFIKATE<\/h1>\n<p>[\/vc_column_text][vc_single_image image=&#8220;942&#8243; img_size=&#8220;380&#215;570&#8243;][vc_column_text]<\/p>\n<h1 style=\"text-align: center;\">KONTAKT<\/h1>\n<p>[\/vc_column_text]<div role=\"form\" class=\"wpcf7\" id=\"wpcf7-f806-o1\" lang=\"hr\" dir=\"ltr\">\n<div class=\"screen-reader-response\"><p role=\"status\" aria-live=\"polite\" aria-atomic=\"true\"><\/p> <ul><\/ul><\/div>\n<form action=\"\/de\/wp-json\/wp\/v2\/pages\/588#wpcf7-f806-o1\" method=\"post\" class=\"wpcf7-form init\" novalidate=\"novalidate\" data-status=\"init\">\n<div style=\"display: none;\">\n<input type=\"hidden\" name=\"_wpcf7\" value=\"806\" \/>\n<input type=\"hidden\" name=\"_wpcf7_version\" value=\"5.5.2\" \/>\n<input type=\"hidden\" name=\"_wpcf7_locale\" value=\"hr\" \/>\n<input type=\"hidden\" name=\"_wpcf7_unit_tag\" value=\"wpcf7-f806-o1\" \/>\n<input type=\"hidden\" name=\"_wpcf7_container_post\" value=\"0\" \/>\n<input type=\"hidden\" name=\"_wpcf7_posted_data_hash\" value=\"\" \/>\n<input type=\"hidden\" name=\"_wpcf7_recaptcha_response\" value=\"\" \/>\n<\/div>\n<p>Ihr Name <br \/>\n    <div class=\"form-group your-name\"><input class=\"wpcf7-form-control wpcf7-text wpcf7-validates-as-required form-control\" name=\"your-name\" type=\"text\" value=\"\" aria-invalid=\"false\" aria-required=\"true\" required><\/div>\n\n<p>Ihre Email Adresse <br \/>\n    <div class=\"form-group your-email\"><input class=\"wpcf7-form-control wpcf7-text wpcf7-email wpcf7-validates-as-required wpcf7-validates-as-email form-control\" name=\"your-email\" type=\"email\" value=\"\" aria-invalid=\"false\" aria-required=\"true\" required><\/div>\n\n<p>Betrifft<br \/>\n    <div class=\"form-group your-subject\"><input class=\"wpcf7-form-control wpcf7-text wpcf7-validates-as-required form-control\" name=\"your-subject\" type=\"text\" value=\"\" aria-invalid=\"false\" aria-required=\"true\" required><\/div>\n\n<p>Ihre Nachricht<br \/>\n    <div class=\"form-group your-message\"><textarea class=\"wpcf7-form-control wpcf7-textarea wpcf7-validates-as-required form-control\" name=\"your-message\" rows=\"4\" aria-invalid=\"false\" aria-required=\"true\" required><\/textarea><\/div>\n\n<div class=\"form-group\"><div><input class=\"wpcf7-form-control wpcf7-submit btn btn-primary\" type=\"submit\" value=\"Senden\"><\/div><\/div><div class=\"wpcf7-response-output alert alert-warning\"><\/div><\/form><\/div>[\/vc_column][\/vc_row]<\/p>\n","protected":false},"excerpt":{"rendered":"<p>[vc_row css=&#8220;.vc_custom_1450524564093{padding-top: 50px !important;padding-right: 30px !important;padding-bottom: 20px !important;padding-left: 30px !important;}&#8220;][vc_column width=&#8220;2\/3&#8243;][vc_column_text]Das Unternehmen BP Group hat eine erfolgreiche Betriebstradition von 20 Jahren mit au\u00dfergew\u00f6hnlicher Erfahrung in der Herstellung der Produkte aus thermoplastischen Kunststoffen (PE, PP, PVC, PVDF). Im Mai des Jahres 2010 haben wir eine neue Produktionsst\u00e4tte von ca. 600 qm er\u00f6ffnet, womit wir zus\u00e4tzlich unsere [&hellip;]<\/p>\n","protected":false},"author":1,"featured_media":0,"parent":0,"menu_order":0,"comment_status":"closed","ping_status":"closed","template":"","meta":{"footnotes":""},"class_list":["post-588","page","type-page","status-publish","hentry"],"yoast_head":"<!-- This site is optimized with the Yoast SEO plugin v17.6 - https:\/\/yoast.com\/wordpress\/plugins\/seo\/ -->\n<meta name=\"robots\" content=\"index, follow, max-snippet:-1, max-image-preview:large, max-video-preview:-1\" \/>\n<link rel=\"canonical\" href=\"https:\/\/www.dvs2205.com\/de\/ueber-uns\/\" \/>\n<meta property=\"og:locale\" content=\"de_DE\" \/>\n<meta property=\"og:type\" content=\"article\" \/>\n<meta property=\"og:title\" content=\"\u00dcber uns ! - DVS 2205\" \/>\n<meta property=\"og:description\" content=\"[vc_row css=&#8220;.vc_custom_1450524564093{padding-top: 50px !important;padding-right: 30px !important;padding-bottom: 20px !important;padding-left: 30px !important;}&#8220;][vc_column width=&#8220;2\/3&#8243;][vc_column_text]Das Unternehmen BP Group hat eine erfolgreiche Betriebstradition von 20 Jahren mit au\u00dfergew\u00f6hnlicher Erfahrung in der Herstellung der Produkte aus thermoplastischen Kunststoffen (PE, PP, PVC, PVDF). Im Mai des Jahres 2010 haben wir eine neue Produktionsst\u00e4tte von ca. 600 qm er\u00f6ffnet, womit wir zus\u00e4tzlich unsere [&hellip;]\" \/>\n<meta property=\"og:url\" content=\"https:\/\/www.dvs2205.com\/de\/ueber-uns\/\" \/>\n<meta property=\"og:site_name\" content=\"DVS 2205\" \/>\n<meta property=\"article:modified_time\" content=\"2017-10-02T13:15:07+00:00\" \/>\n<meta name=\"twitter:card\" content=\"summary\" \/>\n<meta name=\"twitter:label1\" content=\"Gesch\u00e4tzte Lesezeit\" \/>\n\t<meta name=\"twitter:data1\" content=\"5\u00a0Minuten\" \/>\n<script type=\"application\/ld+json\" class=\"yoast-schema-graph\">{\"@context\":\"https:\/\/schema.org\",\"@graph\":[{\"@type\":\"WebSite\",\"@id\":\"https:\/\/www.dvs2205.com\/#website\",\"url\":\"https:\/\/www.dvs2205.com\/\",\"name\":\"DVS 2205\",\"description\":\"Izrada spremnika i ure\\u0111aja od termoplasti\\u010dnih masa\",\"potentialAction\":[{\"@type\":\"SearchAction\",\"target\":{\"@type\":\"EntryPoint\",\"urlTemplate\":\"https:\/\/www.dvs2205.com\/?s={search_term_string}\"},\"query-input\":\"required name=search_term_string\"}],\"inLanguage\":\"de\"},{\"@type\":\"WebPage\",\"@id\":\"https:\/\/www.dvs2205.com\/de\/ueber-uns\/#webpage\",\"url\":\"https:\/\/www.dvs2205.com\/de\/ueber-uns\/\",\"name\":\"\\u00dcber uns ! - DVS 2205\",\"isPartOf\":{\"@id\":\"https:\/\/www.dvs2205.com\/#website\"},\"datePublished\":\"2016-03-30T10:41:51+00:00\",\"dateModified\":\"2017-10-02T13:15:07+00:00\",\"breadcrumb\":{\"@id\":\"https:\/\/www.dvs2205.com\/de\/ueber-uns\/#breadcrumb\"},\"inLanguage\":\"de\",\"potentialAction\":[{\"@type\":\"ReadAction\",\"target\":[\"https:\/\/www.dvs2205.com\/de\/ueber-uns\/\"]}]},{\"@type\":\"BreadcrumbList\",\"@id\":\"https:\/\/www.dvs2205.com\/de\/ueber-uns\/#breadcrumb\",\"itemListElement\":[{\"@type\":\"ListItem\",\"position\":1,\"name\":\"Home\",\"item\":\"https:\/\/www.dvs2205.com\/de\/\"},{\"@type\":\"ListItem\",\"position\":2,\"name\":\"\\u00dcber uns !\"}]}]}<\/script>\n<!-- \/ Yoast SEO plugin. -->","yoast_head_json":{"robots":{"index":"index","follow":"follow","max-snippet":"max-snippet:-1","max-image-preview":"max-image-preview:large","max-video-preview":"max-video-preview:-1"},"canonical":"https:\/\/www.dvs2205.com\/de\/ueber-uns\/","og_locale":"de_DE","og_type":"article","og_title":"\u00dcber uns ! - DVS 2205","og_description":"[vc_row css=&#8220;.vc_custom_1450524564093{padding-top: 50px !important;padding-right: 30px !important;padding-bottom: 20px !important;padding-left: 30px !important;}&#8220;][vc_column width=&#8220;2\/3&#8243;][vc_column_text]Das Unternehmen BP Group hat eine erfolgreiche Betriebstradition von 20 Jahren mit au\u00dfergew\u00f6hnlicher Erfahrung in der Herstellung der Produkte aus thermoplastischen Kunststoffen (PE, PP, PVC, PVDF). Im Mai des Jahres 2010 haben wir eine neue Produktionsst\u00e4tte von ca. 600 qm er\u00f6ffnet, womit wir zus\u00e4tzlich unsere [&hellip;]","og_url":"https:\/\/www.dvs2205.com\/de\/ueber-uns\/","og_site_name":"DVS 2205","article_modified_time":"2017-10-02T13:15:07+00:00","twitter_card":"summary","twitter_misc":{"Gesch\u00e4tzte Lesezeit":"5\u00a0Minuten"},"schema":{"@context":"https:\/\/schema.org","@graph":[{"@type":"WebSite","@id":"https:\/\/www.dvs2205.com\/#website","url":"https:\/\/www.dvs2205.com\/","name":"DVS 2205","description":"Izrada spremnika i ure\u0111aja od termoplasti\u010dnih masa","potentialAction":[{"@type":"SearchAction","target":{"@type":"EntryPoint","urlTemplate":"https:\/\/www.dvs2205.com\/?s={search_term_string}"},"query-input":"required name=search_term_string"}],"inLanguage":"de"},{"@type":"WebPage","@id":"https:\/\/www.dvs2205.com\/de\/ueber-uns\/#webpage","url":"https:\/\/www.dvs2205.com\/de\/ueber-uns\/","name":"\u00dcber uns ! - DVS 2205","isPartOf":{"@id":"https:\/\/www.dvs2205.com\/#website"},"datePublished":"2016-03-30T10:41:51+00:00","dateModified":"2017-10-02T13:15:07+00:00","breadcrumb":{"@id":"https:\/\/www.dvs2205.com\/de\/ueber-uns\/#breadcrumb"},"inLanguage":"de","potentialAction":[{"@type":"ReadAction","target":["https:\/\/www.dvs2205.com\/de\/ueber-uns\/"]}]},{"@type":"BreadcrumbList","@id":"https:\/\/www.dvs2205.com\/de\/ueber-uns\/#breadcrumb","itemListElement":[{"@type":"ListItem","position":1,"name":"Home","item":"https:\/\/www.dvs2205.com\/de\/"},{"@type":"ListItem","position":2,"name":"\u00dcber uns !"}]}]}},"_links":{"self":[{"href":"https:\/\/www.dvs2205.com\/de\/wp-json\/wp\/v2\/pages\/588","targetHints":{"allow":["GET"]}}],"collection":[{"href":"https:\/\/www.dvs2205.com\/de\/wp-json\/wp\/v2\/pages"}],"about":[{"href":"https:\/\/www.dvs2205.com\/de\/wp-json\/wp\/v2\/types\/page"}],"author":[{"embeddable":true,"href":"https:\/\/www.dvs2205.com\/de\/wp-json\/wp\/v2\/users\/1"}],"replies":[{"embeddable":true,"href":"https:\/\/www.dvs2205.com\/de\/wp-json\/wp\/v2\/comments?post=588"}],"version-history":[{"count":6,"href":"https:\/\/www.dvs2205.com\/de\/wp-json\/wp\/v2\/pages\/588\/revisions"}],"predecessor-version":[{"id":966,"href":"https:\/\/www.dvs2205.com\/de\/wp-json\/wp\/v2\/pages\/588\/revisions\/966"}],"wp:attachment":[{"href":"https:\/\/www.dvs2205.com\/de\/wp-json\/wp\/v2\/media?parent=588"}],"curies":[{"name":"wp","href":"https:\/\/api.w.org\/{rel}","templated":true}]}}