{"id":587,"date":"2016-03-30T10:55:45","date_gmt":"2016-03-30T10:55:45","guid":{"rendered":"https:\/\/www.dvs2205.com\/?page_id=587&#038;lang=de"},"modified":"2017-10-02T13:14:01","modified_gmt":"2017-10-02T13:14:01","slug":"schwimmbecken","status":"publish","type":"page","link":"https:\/\/www.dvs2205.com\/de\/schwimmbecken\/","title":{"rendered":"Schwimmbecken"},"content":{"rendered":"<p>[vc_row css=&#8220;.vc_custom_1450524564093{padding-top: 50px !important;padding-right: 30px !important;padding-bottom: 20px !important;padding-left: 30px !important;}&#8220;][vc_column width=&#8220;2\/3&#8243;]<div class=\"vc_titles title_align_center\"><h1><strong>SCHWIMMBECKEN UND SCHWIMMBADTECHNIK<\/strong><\/h1><div class=\"title-stripes-center\"><\/div><\/div>[vc_column_text]<strong>SCHWIMMBECKENARTEN:<\/strong><br \/>\nSchwimmbecken k\u00f6nnen in verschiedenen Formen gebaut werden: rund, oval, elliptisch, quadratisch und verschiedene andere Formate auf Anfrage des Kunden.<br \/>\nnach der Art der Wasserumlauf, bauen wir Schwimmbecken mit Skimmer und mit dem \u00dcberlauf.<\/p>\n<p><strong>SCHWIMMBECKEN MIT \u00dcBERLAUF<\/strong><br \/>\nSchwimmbecken mit \u00dcberlauf werden derart ausgef\u00fchrt, dass der \u00dcberlauf des Wassers \u00fcber dem Rand des Schwimmbeckens in den Ableitungskanal, der ihn umgibt, erm\u00f6glicht. Danach erfolgt die Filtration und die chemische Behandlung des Wassers und deren R\u00fcckfluss in das Schwimmbecken, mit Hilfe von D\u00fcsen, die an den W\u00e4nden und am Boden des Schwimmbeckens eingebaut sind. Diese Art von Schwimmbecken wird meistens f\u00fcr den \u00f6ffentlichen Gebrauch (\u00f6ffentliche B\u00e4der) benutzt, es wird aber auch f\u00fcr Privatzwecke empfohlen, wegen ausgepr\u00e4gt hoher Qualit\u00e4t und Sauberkeit des Wassers.<\/p>\n<p><strong>SCHWIMMBECKEN MIT SKIMMER<\/strong><br \/>\nDer meist verbreitete Typ der Schwimmbeckens f\u00fcr den Privatgebrauch sind Schwimmbecken mit Skimmer. Der Skimmer ist die Anlage, die die Beseitigung der oberfl\u00e4chlichen Verunreinigungen erm\u00f6glicht (z.B. Bl\u00e4tter). Es wird cca. 20-25 cm unter der Wasseroberfl\u00e4che installiert und die Anordnung und Dimensionen derselben h\u00e4ngen vom Schwimmbecken ab. Die Vorteile des Schwimmbeckens mit dem Skimmer im Vergleich zu den Schwimmbecken mit \u00dcberlauf, sind die Einfachheit in der Ausf\u00fchrung und kleinere Dimensionen der Maschinenraums.<\/p>\n<p><strong>BAUQUALIT\u00c4T:<\/strong><br \/>\nSchwimmbecken sind aus farbenbest\u00e4ndigen Polypropylen gemacht, welcher widerstandsf\u00e4hig gegen Frost und UV-Strahlung ist.<\/p>\n<p><strong>EINFACHE UND LEICHTE INSTALLATION:<\/strong><br \/>\nSolide Bauweise der Schwimmbecken erm\u00f6glicht einfache und billige Installation auf Betonunterlage mit der M\u00f6glichkeit von Einmauern oder Betonierung.<\/p>\n<p><strong>REICHE ZUS\u00c4TZLICHE SONDERAUSSTATTUNG \/ SCHWIMMBADTECHNIK:<\/strong><br \/>\nZur Erzielung eines hohen Komforts bei Nutzung und Wartung Ihres Schwimmbeckens bieten wir eine Reihe von Sonderausstattungen.[\/vc_column_text][vc_gallery type=&#8220;image_grid&#8220; images=&#8220;420,421,422,423,424,425,426,427,428,429&#8243; img_size=&#8220;250&#215;250&#8243;][\/vc_column][vc_column width=&#8220;1\/3&#8243;][vc_widget_sidebar sidebar_id=&#8220;blog-sidebar&#8220;][vc_column_text]<\/p>\n<h1 style=\"text-align: center;\">ZERTIFIKATE<\/h1>\n<p>[\/vc_column_text][vc_single_image image=&#8220;942&#8243; img_size=&#8220;380&#215;570&#8243;][vc_column_text]<\/p>\n<h1 style=\"text-align: center;\">KONTAKT<\/h1>\n<p>[\/vc_column_text]<div role=\"form\" class=\"wpcf7\" id=\"wpcf7-f806-o1\" lang=\"hr\" dir=\"ltr\">\n<div class=\"screen-reader-response\"><p role=\"status\" aria-live=\"polite\" aria-atomic=\"true\"><\/p> <ul><\/ul><\/div>\n<form action=\"\/de\/wp-json\/wp\/v2\/pages\/587#wpcf7-f806-o1\" method=\"post\" class=\"wpcf7-form init\" novalidate=\"novalidate\" data-status=\"init\">\n<div style=\"display: none;\">\n<input type=\"hidden\" name=\"_wpcf7\" value=\"806\" \/>\n<input type=\"hidden\" name=\"_wpcf7_version\" value=\"5.5.2\" \/>\n<input type=\"hidden\" name=\"_wpcf7_locale\" value=\"hr\" \/>\n<input type=\"hidden\" name=\"_wpcf7_unit_tag\" value=\"wpcf7-f806-o1\" \/>\n<input type=\"hidden\" name=\"_wpcf7_container_post\" value=\"0\" \/>\n<input type=\"hidden\" name=\"_wpcf7_posted_data_hash\" value=\"\" \/>\n<input type=\"hidden\" name=\"_wpcf7_recaptcha_response\" value=\"\" \/>\n<\/div>\n<p>Ihr Name <br \/>\n    <div class=\"form-group your-name\"><input class=\"wpcf7-form-control wpcf7-text wpcf7-validates-as-required form-control\" name=\"your-name\" type=\"text\" value=\"\" aria-invalid=\"false\" aria-required=\"true\" required><\/div>\n\n<p>Ihre Email Adresse <br \/>\n    <div class=\"form-group your-email\"><input class=\"wpcf7-form-control wpcf7-text wpcf7-email wpcf7-validates-as-required wpcf7-validates-as-email form-control\" name=\"your-email\" type=\"email\" value=\"\" aria-invalid=\"false\" aria-required=\"true\" required><\/div>\n\n<p>Betrifft<br \/>\n    <div class=\"form-group your-subject\"><input class=\"wpcf7-form-control wpcf7-text wpcf7-validates-as-required form-control\" name=\"your-subject\" type=\"text\" value=\"\" aria-invalid=\"false\" aria-required=\"true\" required><\/div>\n\n<p>Ihre Nachricht<br \/>\n    <div class=\"form-group your-message\"><textarea class=\"wpcf7-form-control wpcf7-textarea wpcf7-validates-as-required form-control\" name=\"your-message\" rows=\"4\" aria-invalid=\"false\" aria-required=\"true\" required><\/textarea><\/div>\n\n<div class=\"form-group\"><div><input class=\"wpcf7-form-control wpcf7-submit btn btn-primary\" type=\"submit\" value=\"Senden\"><\/div><\/div><div class=\"wpcf7-response-output alert alert-warning\"><\/div><\/form><\/div>[\/vc_column][\/vc_row]<\/p>\n","protected":false},"excerpt":{"rendered":"<p>[vc_row css=&#8220;.vc_custom_1450524564093{padding-top: 50px !important;padding-right: 30px !important;padding-bottom: 20px !important;padding-left: 30px !important;}&#8220;][vc_column width=&#8220;2\/3&#8243;][vc_column_text]SCHWIMMBECKENARTEN: Schwimmbecken k\u00f6nnen in verschiedenen Formen gebaut werden: rund, oval, elliptisch, quadratisch und verschiedene andere Formate auf Anfrage des Kunden. nach der Art der Wasserumlauf, bauen wir Schwimmbecken mit Skimmer und mit dem \u00dcberlauf. SCHWIMMBECKEN MIT \u00dcBERLAUF Schwimmbecken mit \u00dcberlauf werden derart ausgef\u00fchrt, dass der [&hellip;]<\/p>\n","protected":false},"author":1,"featured_media":0,"parent":0,"menu_order":0,"comment_status":"closed","ping_status":"closed","template":"","meta":{"footnotes":""},"class_list":["post-587","page","type-page","status-publish","hentry"],"yoast_head":"<!-- This site is optimized with the Yoast SEO plugin v17.6 - https:\/\/yoast.com\/wordpress\/plugins\/seo\/ -->\n<meta name=\"robots\" content=\"index, follow, max-snippet:-1, max-image-preview:large, max-video-preview:-1\" \/>\n<link rel=\"canonical\" href=\"https:\/\/www.dvs2205.com\/de\/schwimmbecken\/\" \/>\n<meta property=\"og:locale\" content=\"de_DE\" \/>\n<meta property=\"og:type\" content=\"article\" \/>\n<meta property=\"og:title\" content=\"Schwimmbecken - DVS 2205\" \/>\n<meta property=\"og:description\" content=\"[vc_row css=&#8220;.vc_custom_1450524564093{padding-top: 50px !important;padding-right: 30px !important;padding-bottom: 20px !important;padding-left: 30px !important;}&#8220;][vc_column width=&#8220;2\/3&#8243;][vc_column_text]SCHWIMMBECKENARTEN: Schwimmbecken k\u00f6nnen in verschiedenen Formen gebaut werden: rund, oval, elliptisch, quadratisch und verschiedene andere Formate auf Anfrage des Kunden. nach der Art der Wasserumlauf, bauen wir Schwimmbecken mit Skimmer und mit dem \u00dcberlauf. SCHWIMMBECKEN MIT \u00dcBERLAUF Schwimmbecken mit \u00dcberlauf werden derart ausgef\u00fchrt, dass der [&hellip;]\" \/>\n<meta property=\"og:url\" content=\"https:\/\/www.dvs2205.com\/de\/schwimmbecken\/\" \/>\n<meta property=\"og:site_name\" content=\"DVS 2205\" \/>\n<meta property=\"article:modified_time\" content=\"2017-10-02T13:14:01+00:00\" \/>\n<meta name=\"twitter:card\" content=\"summary\" \/>\n<meta name=\"twitter:label1\" content=\"Gesch\u00e4tzte Lesezeit\" \/>\n\t<meta name=\"twitter:data1\" content=\"2\u00a0Minuten\" \/>\n<script type=\"application\/ld+json\" class=\"yoast-schema-graph\">{\"@context\":\"https:\/\/schema.org\",\"@graph\":[{\"@type\":\"WebSite\",\"@id\":\"https:\/\/www.dvs2205.com\/#website\",\"url\":\"https:\/\/www.dvs2205.com\/\",\"name\":\"DVS 2205\",\"description\":\"Izrada spremnika i ure\\u0111aja od termoplasti\\u010dnih masa\",\"potentialAction\":[{\"@type\":\"SearchAction\",\"target\":{\"@type\":\"EntryPoint\",\"urlTemplate\":\"https:\/\/www.dvs2205.com\/?s={search_term_string}\"},\"query-input\":\"required name=search_term_string\"}],\"inLanguage\":\"de\"},{\"@type\":\"WebPage\",\"@id\":\"https:\/\/www.dvs2205.com\/de\/schwimmbecken\/#webpage\",\"url\":\"https:\/\/www.dvs2205.com\/de\/schwimmbecken\/\",\"name\":\"Schwimmbecken - DVS 2205\",\"isPartOf\":{\"@id\":\"https:\/\/www.dvs2205.com\/#website\"},\"datePublished\":\"2016-03-30T10:55:45+00:00\",\"dateModified\":\"2017-10-02T13:14:01+00:00\",\"breadcrumb\":{\"@id\":\"https:\/\/www.dvs2205.com\/de\/schwimmbecken\/#breadcrumb\"},\"inLanguage\":\"de\",\"potentialAction\":[{\"@type\":\"ReadAction\",\"target\":[\"https:\/\/www.dvs2205.com\/de\/schwimmbecken\/\"]}]},{\"@type\":\"BreadcrumbList\",\"@id\":\"https:\/\/www.dvs2205.com\/de\/schwimmbecken\/#breadcrumb\",\"itemListElement\":[{\"@type\":\"ListItem\",\"position\":1,\"name\":\"Home\",\"item\":\"https:\/\/www.dvs2205.com\/de\/\"},{\"@type\":\"ListItem\",\"position\":2,\"name\":\"Schwimmbecken\"}]}]}<\/script>\n<!-- \/ Yoast SEO plugin. -->","yoast_head_json":{"robots":{"index":"index","follow":"follow","max-snippet":"max-snippet:-1","max-image-preview":"max-image-preview:large","max-video-preview":"max-video-preview:-1"},"canonical":"https:\/\/www.dvs2205.com\/de\/schwimmbecken\/","og_locale":"de_DE","og_type":"article","og_title":"Schwimmbecken - DVS 2205","og_description":"[vc_row css=&#8220;.vc_custom_1450524564093{padding-top: 50px !important;padding-right: 30px !important;padding-bottom: 20px !important;padding-left: 30px !important;}&#8220;][vc_column width=&#8220;2\/3&#8243;][vc_column_text]SCHWIMMBECKENARTEN: Schwimmbecken k\u00f6nnen in verschiedenen Formen gebaut werden: rund, oval, elliptisch, quadratisch und verschiedene andere Formate auf Anfrage des Kunden. nach der Art der Wasserumlauf, bauen wir Schwimmbecken mit Skimmer und mit dem \u00dcberlauf. SCHWIMMBECKEN MIT \u00dcBERLAUF Schwimmbecken mit \u00dcberlauf werden derart ausgef\u00fchrt, dass der [&hellip;]","og_url":"https:\/\/www.dvs2205.com\/de\/schwimmbecken\/","og_site_name":"DVS 2205","article_modified_time":"2017-10-02T13:14:01+00:00","twitter_card":"summary","twitter_misc":{"Gesch\u00e4tzte Lesezeit":"2\u00a0Minuten"},"schema":{"@context":"https:\/\/schema.org","@graph":[{"@type":"WebSite","@id":"https:\/\/www.dvs2205.com\/#website","url":"https:\/\/www.dvs2205.com\/","name":"DVS 2205","description":"Izrada spremnika i ure\u0111aja od termoplasti\u010dnih masa","potentialAction":[{"@type":"SearchAction","target":{"@type":"EntryPoint","urlTemplate":"https:\/\/www.dvs2205.com\/?s={search_term_string}"},"query-input":"required name=search_term_string"}],"inLanguage":"de"},{"@type":"WebPage","@id":"https:\/\/www.dvs2205.com\/de\/schwimmbecken\/#webpage","url":"https:\/\/www.dvs2205.com\/de\/schwimmbecken\/","name":"Schwimmbecken - DVS 2205","isPartOf":{"@id":"https:\/\/www.dvs2205.com\/#website"},"datePublished":"2016-03-30T10:55:45+00:00","dateModified":"2017-10-02T13:14:01+00:00","breadcrumb":{"@id":"https:\/\/www.dvs2205.com\/de\/schwimmbecken\/#breadcrumb"},"inLanguage":"de","potentialAction":[{"@type":"ReadAction","target":["https:\/\/www.dvs2205.com\/de\/schwimmbecken\/"]}]},{"@type":"BreadcrumbList","@id":"https:\/\/www.dvs2205.com\/de\/schwimmbecken\/#breadcrumb","itemListElement":[{"@type":"ListItem","position":1,"name":"Home","item":"https:\/\/www.dvs2205.com\/de\/"},{"@type":"ListItem","position":2,"name":"Schwimmbecken"}]}]}},"_links":{"self":[{"href":"https:\/\/www.dvs2205.com\/de\/wp-json\/wp\/v2\/pages\/587","targetHints":{"allow":["GET"]}}],"collection":[{"href":"https:\/\/www.dvs2205.com\/de\/wp-json\/wp\/v2\/pages"}],"about":[{"href":"https:\/\/www.dvs2205.com\/de\/wp-json\/wp\/v2\/types\/page"}],"author":[{"embeddable":true,"href":"https:\/\/www.dvs2205.com\/de\/wp-json\/wp\/v2\/users\/1"}],"replies":[{"embeddable":true,"href":"https:\/\/www.dvs2205.com\/de\/wp-json\/wp\/v2\/comments?post=587"}],"version-history":[{"count":9,"href":"https:\/\/www.dvs2205.com\/de\/wp-json\/wp\/v2\/pages\/587\/revisions"}],"predecessor-version":[{"id":964,"href":"https:\/\/www.dvs2205.com\/de\/wp-json\/wp\/v2\/pages\/587\/revisions\/964"}],"wp:attachment":[{"href":"https:\/\/www.dvs2205.com\/de\/wp-json\/wp\/v2\/media?parent=587"}],"curies":[{"name":"wp","href":"https:\/\/api.w.org\/{rel}","templated":true}]}}